{"id":776,"date":"2024-05-21T18:53:23","date_gmt":"2024-05-21T18:53:23","guid":{"rendered":"https:\/\/stg5214.diamondbellusa.com\/?page_id=776"},"modified":"2024-05-21T19:28:43","modified_gmt":"2024-05-21T19:28:43","slug":"beblau","status":"publish","type":"page","link":"https:\/\/stg5214.diamondbellusa.com\/?page_id=776","title":{"rendered":"Beblau"},"content":{"rendered":"\t\t<div data-elementor-type=\"wp-page\" data-elementor-id=\"776\" class=\"elementor elementor-776\" data-elementor-post-type=\"page\">\n\t\t\t\t<div class=\"elementor-element elementor-element-462bc4c4 e-grid e-con-boxed e-con e-parent\" data-id=\"462bc4c4\" data-element_type=\"container\" data-settings=\"{&quot;jet_parallax_layout_list&quot;:[]}\">\n\t\t\t\t\t<div class=\"e-con-inner\">\n\t\t<div class=\"elementor-element elementor-element-13993eb7 e-flex e-con-boxed e-con e-child\" data-id=\"13993eb7\" data-element_type=\"container\" data-settings=\"{&quot;jet_parallax_layout_list&quot;:[]}\">\n\t\t\t\t\t<div class=\"e-con-inner\">\n\t\t\t\t<div class=\"elementor-element elementor-element-78b969be elementor-widget elementor-widget-image\" data-id=\"78b969be\" data-element_type=\"widget\" data-widget_type=\"image.default\">\n\t\t\t\t<div class=\"elementor-widget-container\">\n\t\t\t<style>\/*! elementor - v3.21.0 - 20-05-2024 *\/\n.elementor-widget-image{text-align:center}.elementor-widget-image a{display:inline-block}.elementor-widget-image a img[src$=\".svg\"]{width:48px}.elementor-widget-image img{vertical-align:middle;display:inline-block}<\/style>\t\t\t\t\t\t\t\t\t\t<img fetchpriority=\"high\" decoding=\"async\" width=\"628\" height=\"204\" src=\"https:\/\/stg5214.diamondbellusa.com\/wp-content\/uploads\/2023\/10\/BEBLAU-logo-e1697051778954.png\" class=\"attachment-large size-large wp-image-10\" alt=\"\" srcset=\"https:\/\/stg5214.diamondbellusa.com\/wp-content\/uploads\/2023\/10\/BEBLAU-logo-e1697051778954.png 628w, https:\/\/stg5214.diamondbellusa.com\/wp-content\/uploads\/2023\/10\/BEBLAU-logo-e1697051778954-300x97.png 300w\" sizes=\"(max-width: 628px) 100vw, 628px\" \/>\t\t\t\t\t\t\t\t\t\t\t\t\t<\/div>\n\t\t\t\t<\/div>\n\t\t\t\t<div class=\"elementor-element elementor-element-48ebf9a5 elementor-widget elementor-widget-heading\" data-id=\"48ebf9a5\" data-element_type=\"widget\" data-widget_type=\"heading.default\">\n\t\t\t\t<div class=\"elementor-widget-container\">\n\t\t\t<style>\/*! elementor - v3.21.0 - 20-05-2024 *\/\n.elementor-heading-title{padding:0;margin:0;line-height:1}.elementor-widget-heading .elementor-heading-title[class*=elementor-size-]>a{color:inherit;font-size:inherit;line-height:inherit}.elementor-widget-heading .elementor-heading-title.elementor-size-small{font-size:15px}.elementor-widget-heading .elementor-heading-title.elementor-size-medium{font-size:19px}.elementor-widget-heading .elementor-heading-title.elementor-size-large{font-size:29px}.elementor-widget-heading .elementor-heading-title.elementor-size-xl{font-size:39px}.elementor-widget-heading .elementor-heading-title.elementor-size-xxl{font-size:59px}<\/style><h2 class=\"elementor-heading-title elementor-size-default\">Innovaci\u00f3n en Papeler\u00eda y Organizaci\u00f3n<\/h2>\t\t<\/div>\n\t\t\t\t<\/div>\n\t\t\t\t<div class=\"elementor-element elementor-element-3a18b347 elementor-widget elementor-widget-text-editor\" data-id=\"3a18b347\" data-element_type=\"widget\" data-widget_type=\"text-editor.default\">\n\t\t\t\t<div class=\"elementor-widget-container\">\n\t\t\t<style>\/*! elementor - v3.21.0 - 20-05-2024 *\/\n.elementor-widget-text-editor.elementor-drop-cap-view-stacked .elementor-drop-cap{background-color:#69727d;color:#fff}.elementor-widget-text-editor.elementor-drop-cap-view-framed .elementor-drop-cap{color:#69727d;border:3px solid;background-color:transparent}.elementor-widget-text-editor:not(.elementor-drop-cap-view-default) .elementor-drop-cap{margin-top:8px}.elementor-widget-text-editor:not(.elementor-drop-cap-view-default) .elementor-drop-cap-letter{width:1em;height:1em}.elementor-widget-text-editor .elementor-drop-cap{float:left;text-align:center;line-height:1;font-size:50px}.elementor-widget-text-editor .elementor-drop-cap-letter{display:inline-block}<\/style>\t\t\t\t<div class=\"page\" title=\"Page 4\"><div class=\"section\"><div class=\"layoutArea\"><div class=\"column\"><div class=\"page\" title=\"Page 5\"><div class=\"section\"><div class=\"layoutArea\"><div class=\"column\"><p>Beblau se posiciona como li\u0301der en el mercado de productos de papeleri\u0301a y organizacio\u0301n, ofreciendo una amplia gama de arti\u0301culos que van desde cuadernos y agendas hasta planners, estuches y accesorios tecnolo\u0301gicos. Con un enfoque distintivo en el disen\u0303o moderno y la funcionalidad, la empresa se destaca por la calidad superior de sus materiales y la meticulosa atencio\u0301n al detalle.<\/p><\/div><\/div><\/div><\/div><\/div><\/div><\/div><\/div>\t\t\t\t\t\t<\/div>\n\t\t\t\t<\/div>\n\t\t\t\t\t<\/div>\n\t\t\t\t<\/div>\n\t\t<div class=\"elementor-element elementor-element-78e2d715 e-flex e-con-boxed e-con e-child\" data-id=\"78e2d715\" data-element_type=\"container\" data-settings=\"{&quot;jet_parallax_layout_list&quot;:[]}\">\n\t\t\t\t\t<div class=\"e-con-inner\">\n\t\t\t\t<div class=\"elementor-element elementor-element-2806a012 elementor-widget elementor-widget-image\" data-id=\"2806a012\" data-element_type=\"widget\" data-widget_type=\"image.default\">\n\t\t\t\t<div class=\"elementor-widget-container\">\n\t\t\t\t\t\t\t\t\t\t\t\t\t<img decoding=\"async\" width=\"381\" height=\"383\" src=\"https:\/\/stg5214.diamondbellusa.com\/wp-content\/uploads\/2024\/05\/Beblau_1.png\" class=\"attachment-large size-large wp-image-785\" alt=\"\" srcset=\"https:\/\/stg5214.diamondbellusa.com\/wp-content\/uploads\/2024\/05\/Beblau_1.png 381w, https:\/\/stg5214.diamondbellusa.com\/wp-content\/uploads\/2024\/05\/Beblau_1-298x300.png 298w, https:\/\/stg5214.diamondbellusa.com\/wp-content\/uploads\/2024\/05\/Beblau_1-150x150.png 150w\" sizes=\"(max-width: 381px) 100vw, 381px\" \/>\t\t\t\t\t\t\t\t\t\t\t\t\t<\/div>\n\t\t\t\t<\/div>\n\t\t\t\t\t<\/div>\n\t\t\t\t<\/div>\n\t\t\t\t\t<\/div>\n\t\t\t\t<\/div>\n\t\t<div class=\"elementor-element elementor-element-4bf8cc63 e-grid e-con-boxed e-con e-parent\" data-id=\"4bf8cc63\" data-element_type=\"container\" data-settings=\"{&quot;jet_parallax_layout_list&quot;:[]}\">\n\t\t\t\t\t<div class=\"e-con-inner\">\n\t\t<div class=\"elementor-element elementor-element-418ec519 e-flex e-con-boxed e-con e-child\" data-id=\"418ec519\" data-element_type=\"container\" data-settings=\"{&quot;jet_parallax_layout_list&quot;:[]}\">\n\t\t\t\t\t<div class=\"e-con-inner\">\n\t\t\t\t<div class=\"elementor-element elementor-element-49707599 elementor-widget elementor-widget-image\" data-id=\"49707599\" data-element_type=\"widget\" data-widget_type=\"image.default\">\n\t\t\t\t<div class=\"elementor-widget-container\">\n\t\t\t\t\t\t\t\t\t\t\t\t\t<img decoding=\"async\" width=\"380\" height=\"381\" src=\"https:\/\/stg5214.diamondbellusa.com\/wp-content\/uploads\/2024\/05\/Beblau_2.png\" class=\"attachment-large size-large wp-image-792\" alt=\"\" srcset=\"https:\/\/stg5214.diamondbellusa.com\/wp-content\/uploads\/2024\/05\/Beblau_2.png 380w, https:\/\/stg5214.diamondbellusa.com\/wp-content\/uploads\/2024\/05\/Beblau_2-300x300.png 300w, https:\/\/stg5214.diamondbellusa.com\/wp-content\/uploads\/2024\/05\/Beblau_2-150x150.png 150w\" sizes=\"(max-width: 380px) 100vw, 380px\" \/>\t\t\t\t\t\t\t\t\t\t\t\t\t<\/div>\n\t\t\t\t<\/div>\n\t\t\t\t\t<\/div>\n\t\t\t\t<\/div>\n\t\t<div class=\"elementor-element elementor-element-78dba25 e-flex e-con-boxed e-con e-child\" data-id=\"78dba25\" data-element_type=\"container\" data-settings=\"{&quot;jet_parallax_layout_list&quot;:[]}\">\n\t\t\t\t\t<div class=\"e-con-inner\">\n\t\t\t\t<div class=\"elementor-element elementor-element-6b7ebe0b elementor-widget elementor-widget-heading\" data-id=\"6b7ebe0b\" data-element_type=\"widget\" data-widget_type=\"heading.default\">\n\t\t\t\t<div class=\"elementor-widget-container\">\n\t\t\t<h2 class=\"elementor-heading-title elementor-size-default\">Dise\u00f1o Funcional y Estilo<\/h2>\t\t<\/div>\n\t\t\t\t<\/div>\n\t\t\t\t<div class=\"elementor-element elementor-element-2ebfbe1 elementor-widget elementor-widget-text-editor\" data-id=\"2ebfbe1\" data-element_type=\"widget\" data-widget_type=\"text-editor.default\">\n\t\t\t\t<div class=\"elementor-widget-container\">\n\t\t\t\t\t\t\t<div class=\"page\" title=\"Page 4\"><div class=\"section\"><div class=\"layoutArea\"><div class=\"column\"><div class=\"page\" title=\"Page 4\"><div class=\"section\"><div class=\"layoutArea\"><div class=\"column\"><div class=\"page\" title=\"Page 5\"><div class=\"section\"><div class=\"layoutArea\"><div class=\"column\"><p>Su compromiso con la excelencia se refleja en cada producto, disen\u0303ado para inspirar la creatividad, promover la organizacio\u0301n y mejorar la productividad en la vida diaria. Dirigidos a una audiencia que valora la planificacio\u0301n y el estilo en sus actividades cotidianas, los productos de Beblau se convierten en aliados confiables que combinan forma y funcio\u0301n de manera armoniosa.<\/p><\/div><\/div><\/div><\/div><\/div><\/div><\/div><\/div><\/div><\/div><\/div><\/div>\t\t\t\t\t\t<\/div>\n\t\t\t\t<\/div>\n\t\t\t\t\t<\/div>\n\t\t\t\t<\/div>\n\t\t\t\t\t<\/div>\n\t\t\t\t<\/div>\n\t\t<div class=\"elementor-element elementor-element-2638655d e-grid e-con-full e-con e-parent\" data-id=\"2638655d\" data-element_type=\"container\" data-settings=\"{&quot;jet_parallax_layout_list&quot;:[]}\">\n\t\t<div class=\"elementor-element elementor-element-414304 e-flex e-con-boxed e-con e-child\" data-id=\"414304\" data-element_type=\"container\" data-settings=\"{&quot;background_background&quot;:&quot;classic&quot;,&quot;jet_parallax_layout_list&quot;:[]}\">\n\t\t\t\t\t<div class=\"e-con-inner\">\n\t\t\t\t<div class=\"elementor-element elementor-element-b579d2 elementor-widget elementor-widget-heading\" data-id=\"b579d2\" data-element_type=\"widget\" data-widget_type=\"heading.default\">\n\t\t\t\t<div class=\"elementor-widget-container\">\n\t\t\t<h2 class=\"elementor-heading-title elementor-size-default\">Productos destacados<\/h2>\t\t<\/div>\n\t\t\t\t<\/div>\n\t\t\t\t\t<\/div>\n\t\t\t\t<\/div>\n\t\t\t\t<\/div>\n\t\t<div class=\"elementor-element elementor-element-33f44476 e-grid e-con-boxed e-con e-parent\" data-id=\"33f44476\" data-element_type=\"container\" data-settings=\"{&quot;jet_parallax_layout_list&quot;:[]}\">\n\t\t\t\t\t<div class=\"e-con-inner\">\n\t\t<div class=\"elementor-element elementor-element-91e4df6 e-flex e-con-boxed e-con e-child\" data-id=\"91e4df6\" data-element_type=\"container\" data-settings=\"{&quot;jet_parallax_layout_list&quot;:[]}\">\n\t\t\t\t\t<div class=\"e-con-inner\">\n\t\t\t\t<div class=\"elementor-element elementor-element-fcf216d elementor-widget elementor-widget-image\" data-id=\"fcf216d\" data-element_type=\"widget\" data-widget_type=\"image.default\">\n\t\t\t\t<div class=\"elementor-widget-container\">\n\t\t\t\t\t\t\t\t\t\t\t\t\t<img loading=\"lazy\" decoding=\"async\" width=\"350\" height=\"240\" src=\"https:\/\/stg5214.diamondbellusa.com\/wp-content\/uploads\/2024\/05\/Beblau_3.png\" class=\"attachment-large size-large wp-image-808\" alt=\"\" srcset=\"https:\/\/stg5214.diamondbellusa.com\/wp-content\/uploads\/2024\/05\/Beblau_3.png 350w, https:\/\/stg5214.diamondbellusa.com\/wp-content\/uploads\/2024\/05\/Beblau_3-300x206.png 300w\" sizes=\"(max-width: 350px) 100vw, 350px\" \/>\t\t\t\t\t\t\t\t\t\t\t\t\t<\/div>\n\t\t\t\t<\/div>\n\t\t\t\t<div class=\"elementor-element elementor-element-e2e9110 elementor-widget elementor-widget-heading\" data-id=\"e2e9110\" data-element_type=\"widget\" data-widget_type=\"heading.default\">\n\t\t\t\t<div class=\"elementor-widget-container\">\n\t\t\t<h2 class=\"elementor-heading-title elementor-size-default\">PROTECCI\u00d3N Y SOPORTE TECNOL\u00d3GICO<\/h2>\t\t<\/div>\n\t\t\t\t<\/div>\n\t\t\t\t<div class=\"elementor-element elementor-element-4452546 elementor-widget elementor-widget-text-editor\" data-id=\"4452546\" data-element_type=\"widget\" data-widget_type=\"text-editor.default\">\n\t\t\t\t<div class=\"elementor-widget-container\">\n\t\t\t\t\t\t\t<div class=\"page\" title=\"Page 4\"><div class=\"section\"><div class=\"layoutArea\"><div class=\"column\"><div class=\"page\" title=\"Page 4\"><div class=\"section\"><div class=\"layoutArea\"><div class=\"column\"><div class=\"page\" title=\"Page 5\"><div class=\"section\"><div class=\"layoutArea\"><div class=\"column\"><div class=\"page\" title=\"Page 5\"><div class=\"section\"><div class=\"layoutArea\"><div class=\"column\"><p>Beblau ofrece estuches y accesorios para proteger y organizar dispositivos tecnolo\u0301gicos como tablets, laptops y smartphones. Disen\u0303a- dos con materiales de calidad, garantizan la seguridad de tus dispositivos en el transporte.<\/p><\/div><\/div><\/div><\/div><\/div><\/div><\/div><\/div><\/div><\/div><\/div><\/div><\/div><\/div><\/div><\/div>\t\t\t\t\t\t<\/div>\n\t\t\t\t<\/div>\n\t\t\t\t\t<\/div>\n\t\t\t\t<\/div>\n\t\t<div class=\"elementor-element elementor-element-88fab86 e-flex e-con-boxed e-con e-child\" data-id=\"88fab86\" data-element_type=\"container\" data-settings=\"{&quot;jet_parallax_layout_list&quot;:[]}\">\n\t\t\t\t\t<div class=\"e-con-inner\">\n\t\t\t\t<div class=\"elementor-element elementor-element-f1837b3 elementor-widget elementor-widget-image\" data-id=\"f1837b3\" data-element_type=\"widget\" data-widget_type=\"image.default\">\n\t\t\t\t<div class=\"elementor-widget-container\">\n\t\t\t\t\t\t\t\t\t\t\t\t\t<img loading=\"lazy\" decoding=\"async\" width=\"348\" height=\"239\" src=\"https:\/\/stg5214.diamondbellusa.com\/wp-content\/uploads\/2024\/05\/Beblau_4.png\" class=\"attachment-large size-large wp-image-830\" alt=\"\" srcset=\"https:\/\/stg5214.diamondbellusa.com\/wp-content\/uploads\/2024\/05\/Beblau_4.png 348w, https:\/\/stg5214.diamondbellusa.com\/wp-content\/uploads\/2024\/05\/Beblau_4-300x206.png 300w\" sizes=\"(max-width: 348px) 100vw, 348px\" \/>\t\t\t\t\t\t\t\t\t\t\t\t\t<\/div>\n\t\t\t\t<\/div>\n\t\t\t\t<div class=\"elementor-element elementor-element-574e0c5 elementor-widget elementor-widget-heading\" data-id=\"574e0c5\" data-element_type=\"widget\" data-widget_type=\"heading.default\">\n\t\t\t\t<div class=\"elementor-widget-container\">\n\t\t\t<h2 class=\"elementor-heading-title elementor-size-default\">PLANNERS Y ORGANIZADORES<\/h2>\t\t<\/div>\n\t\t\t\t<\/div>\n\t\t\t\t<div class=\"elementor-element elementor-element-c1499ac elementor-widget elementor-widget-text-editor\" data-id=\"c1499ac\" data-element_type=\"widget\" data-widget_type=\"text-editor.default\">\n\t\t\t\t<div class=\"elementor-widget-container\">\n\t\t\t\t\t\t\t<div class=\"page\" title=\"Page 4\"><div class=\"section\"><div class=\"layoutArea\"><div class=\"column\"><div class=\"page\" title=\"Page 4\"><div class=\"section\"><div class=\"layoutArea\"><div class=\"column\"><div class=\"page\" title=\"Page 5\"><div class=\"section\"><div class=\"layoutArea\"><div class=\"column\"><div class=\"page\" title=\"Page 5\"><div class=\"section\"><div class=\"layoutArea\"><div class=\"column\"><div class=\"page\" title=\"Page 5\"><div class=\"section\"><div class=\"layoutArea\"><div class=\"column\"><p>Sus planners y organizadores esta\u0301n disen\u0303a- dos para ayudar a los usuarios a gestionar su tiempo de manera efectiva, establecien- do metas y prioridades de manera clara y visualmente atractiva.<\/p><\/div><\/div><\/div><\/div><\/div><\/div><\/div><\/div><\/div><\/div><\/div><\/div><\/div><\/div><\/div><\/div><\/div><\/div><\/div><\/div>\t\t\t\t\t\t<\/div>\n\t\t\t\t<\/div>\n\t\t\t\t\t<\/div>\n\t\t\t\t<\/div>\n\t\t<div class=\"elementor-element elementor-element-d93fd08 e-flex e-con-boxed e-con e-child\" data-id=\"d93fd08\" data-element_type=\"container\" data-settings=\"{&quot;jet_parallax_layout_list&quot;:[]}\">\n\t\t\t\t\t<div class=\"e-con-inner\">\n\t\t\t\t<div class=\"elementor-element elementor-element-86e4fce elementor-widget elementor-widget-image\" data-id=\"86e4fce\" data-element_type=\"widget\" data-widget_type=\"image.default\">\n\t\t\t\t<div class=\"elementor-widget-container\">\n\t\t\t\t\t\t\t\t\t\t\t\t\t<img loading=\"lazy\" decoding=\"async\" width=\"350\" height=\"241\" src=\"https:\/\/stg5214.diamondbellusa.com\/wp-content\/uploads\/2024\/05\/Beblau_5.png\" class=\"attachment-large size-large wp-image-831\" alt=\"\" srcset=\"https:\/\/stg5214.diamondbellusa.com\/wp-content\/uploads\/2024\/05\/Beblau_5.png 350w, https:\/\/stg5214.diamondbellusa.com\/wp-content\/uploads\/2024\/05\/Beblau_5-300x207.png 300w\" sizes=\"(max-width: 350px) 100vw, 350px\" \/>\t\t\t\t\t\t\t\t\t\t\t\t\t<\/div>\n\t\t\t\t<\/div>\n\t\t\t\t<div class=\"elementor-element elementor-element-cfad436 elementor-widget elementor-widget-heading\" data-id=\"cfad436\" data-element_type=\"widget\" data-widget_type=\"heading.default\">\n\t\t\t\t<div class=\"elementor-widget-container\">\n\t\t\t<h2 class=\"elementor-heading-title elementor-size-default\">CUADERNOS Y AGENDAS<\/h2>\t\t<\/div>\n\t\t\t\t<\/div>\n\t\t\t\t<div class=\"elementor-element elementor-element-9e9959a elementor-widget elementor-widget-text-editor\" data-id=\"9e9959a\" data-element_type=\"widget\" data-widget_type=\"text-editor.default\">\n\t\t\t\t<div class=\"elementor-widget-container\">\n\t\t\t\t\t\t\t<div class=\"page\" title=\"Page 4\"><div class=\"section\"><div class=\"layoutArea\"><div class=\"column\"><div class=\"page\" title=\"Page 4\"><div class=\"section\"><div class=\"layoutArea\"><div class=\"column\"><div class=\"page\" title=\"Page 5\"><div class=\"section\"><div class=\"layoutArea\"><div class=\"column\"><div class=\"page\" title=\"Page 5\"><div class=\"section\"><div class=\"layoutArea\"><div class=\"column\"><div class=\"page\" title=\"Page 5\"><div class=\"section\"><div class=\"layoutArea\"><div class=\"column\"><div class=\"page\" title=\"Page 5\"><div class=\"section\"><div class=\"layoutArea\"><div class=\"column\"><p>Beblau ofrece una variedad de cuadernos y agendas con disen\u0303os u\u0301nicos y funcionales, ideales para la planificacio\u0301n diaria, la toma de notas y la organizacio\u0301n de tareas.<\/p><\/div><\/div><\/div><\/div><\/div><\/div><\/div><\/div><\/div><\/div><\/div><\/div><\/div><\/div><\/div><\/div><\/div><\/div><\/div><\/div><\/div><\/div><\/div><\/div>\t\t\t\t\t\t<\/div>\n\t\t\t\t<\/div>\n\t\t\t\t\t<\/div>\n\t\t\t\t<\/div>\n\t\t<div class=\"elementor-element elementor-element-7779b6b e-flex e-con-boxed e-con e-child\" data-id=\"7779b6b\" data-element_type=\"container\" data-settings=\"{&quot;jet_parallax_layout_list&quot;:[]}\">\n\t\t\t\t\t<div class=\"e-con-inner\">\n\t\t\t\t<div class=\"elementor-element elementor-element-f121781 elementor-widget elementor-widget-image\" data-id=\"f121781\" data-element_type=\"widget\" data-widget_type=\"image.default\">\n\t\t\t\t<div class=\"elementor-widget-container\">\n\t\t\t\t\t\t\t\t\t\t\t\t\t<img loading=\"lazy\" decoding=\"async\" width=\"349\" height=\"239\" src=\"https:\/\/stg5214.diamondbellusa.com\/wp-content\/uploads\/2024\/05\/Beblau_6.png\" class=\"attachment-large size-large wp-image-832\" alt=\"\" srcset=\"https:\/\/stg5214.diamondbellusa.com\/wp-content\/uploads\/2024\/05\/Beblau_6.png 349w, https:\/\/stg5214.diamondbellusa.com\/wp-content\/uploads\/2024\/05\/Beblau_6-300x205.png 300w\" sizes=\"(max-width: 349px) 100vw, 349px\" \/>\t\t\t\t\t\t\t\t\t\t\t\t\t<\/div>\n\t\t\t\t<\/div>\n\t\t\t\t<div class=\"elementor-element elementor-element-a65fa24 elementor-widget elementor-widget-heading\" data-id=\"a65fa24\" data-element_type=\"widget\" data-widget_type=\"heading.default\">\n\t\t\t\t<div class=\"elementor-widget-container\">\n\t\t\t<h2 class=\"elementor-heading-title elementor-size-default\">PERSONALIZACI\u00d3N CORPORATIVA<\/h2>\t\t<\/div>\n\t\t\t\t<\/div>\n\t\t\t\t<div class=\"elementor-element elementor-element-0bb930b elementor-widget elementor-widget-text-editor\" data-id=\"0bb930b\" data-element_type=\"widget\" data-widget_type=\"text-editor.default\">\n\t\t\t\t<div class=\"elementor-widget-container\">\n\t\t\t\t\t\t\t<div class=\"page\" title=\"Page 4\"><div class=\"section\"><div class=\"layoutArea\"><div class=\"column\"><div class=\"page\" title=\"Page 4\"><div class=\"section\"><div class=\"layoutArea\"><div class=\"column\"><div class=\"page\" title=\"Page 5\"><div class=\"section\"><div class=\"layoutArea\"><div class=\"column\"><div class=\"page\" title=\"Page 5\"><div class=\"section\"><div class=\"layoutArea\"><div class=\"column\"><div class=\"page\" title=\"Page 5\"><div class=\"section\"><div class=\"layoutArea\"><div class=\"column\"><div class=\"page\" title=\"Page 5\"><div class=\"section\"><div class=\"layoutArea\"><div class=\"column\"><div class=\"page\" title=\"Page 5\"><div class=\"section\"><div class=\"layoutArea\"><div class=\"column\"><p>Beblau ofrece personalizacio\u0301n corporativa para que empresas adapten productos con su logo o disen\u0303o, destacando la marca y promoviendo la identidad corporativa de calidad y disen\u0303o cuidado.<\/p><\/div><\/div><\/div><\/div><\/div><\/div><\/div><\/div><\/div><\/div><\/div><\/div><\/div><\/div><\/div><\/div><\/div><\/div><\/div><\/div><\/div><\/div><\/div><\/div><\/div><\/div><\/div><\/div>\t\t\t\t\t\t<\/div>\n\t\t\t\t<\/div>\n\t\t\t\t\t<\/div>\n\t\t\t\t<\/div>\n\t\t\t\t\t<\/div>\n\t\t\t\t<\/div>\n\t\t<div class=\"elementor-element elementor-element-71e05a2b e-flex e-con-boxed e-con e-parent\" data-id=\"71e05a2b\" data-element_type=\"container\" data-settings=\"{&quot;jet_parallax_layout_list&quot;:[]}\">\n\t\t\t\t\t<div class=\"e-con-inner\">\n\t\t\t\t<div class=\"elementor-element elementor-element-2a323fad elementor-align-center elementor-widget elementor-widget-button\" data-id=\"2a323fad\" data-element_type=\"widget\" data-widget_type=\"button.default\">\n\t\t\t\t<div class=\"elementor-widget-container\">\n\t\t\t\t\t<div class=\"elementor-button-wrapper\">\n\t\t\t<a class=\"elementor-button elementor-button-link elementor-size-sm\" href=\"#\">\n\t\t\t\t\t\t<span class=\"elementor-button-content-wrapper\">\n\t\t\t\t\t\t\t\t\t<span class=\"elementor-button-text\">visitar su web<\/span>\n\t\t\t\t\t<\/span>\n\t\t\t\t\t<\/a>\n\t\t<\/div>\n\t\t\t\t<\/div>\n\t\t\t\t<\/div>\n\t\t\t\t\t<\/div>\n\t\t\t\t<\/div>\n\t\t\t\t<\/div>\n\t\t","protected":false},"excerpt":{"rendered":"<p>Innovaci\u00f3n en Papeler\u00eda y Organizaci\u00f3n Beblau se posiciona como li\u0301der en el mercado de productos de papeleri\u0301a y organizacio\u0301n, ofreciendo una amplia gama de arti\u0301culos que van desde cuadernos y agendas hasta planners, estuches y accesorios tecnolo\u0301gicos. Con un enfoque distintivo en el disen\u0303o moderno y la funcionalidad, la empresa se destaca por la calidad [&hellip;]<\/p>\n","protected":false},"author":1,"featured_media":0,"parent":244,"menu_order":0,"comment_status":"closed","ping_status":"closed","template":"","meta":{"footnotes":""},"class_list":["post-776","page","type-page","status-publish","hentry"],"_links":{"self":[{"href":"https:\/\/stg5214.diamondbellusa.com\/index.php?rest_route=\/wp\/v2\/pages\/776","targetHints":{"allow":["GET"]}}],"collection":[{"href":"https:\/\/stg5214.diamondbellusa.com\/index.php?rest_route=\/wp\/v2\/pages"}],"about":[{"href":"https:\/\/stg5214.diamondbellusa.com\/index.php?rest_route=\/wp\/v2\/types\/page"}],"author":[{"embeddable":true,"href":"https:\/\/stg5214.diamondbellusa.com\/index.php?rest_route=\/wp\/v2\/users\/1"}],"replies":[{"embeddable":true,"href":"https:\/\/stg5214.diamondbellusa.com\/index.php?rest_route=%2Fwp%2Fv2%2Fcomments&post=776"}],"version-history":[{"count":58,"href":"https:\/\/stg5214.diamondbellusa.com\/index.php?rest_route=\/wp\/v2\/pages\/776\/revisions"}],"predecessor-version":[{"id":841,"href":"https:\/\/stg5214.diamondbellusa.com\/index.php?rest_route=\/wp\/v2\/pages\/776\/revisions\/841"}],"up":[{"embeddable":true,"href":"https:\/\/stg5214.diamondbellusa.com\/index.php?rest_route=\/wp\/v2\/pages\/244"}],"wp:attachment":[{"href":"https:\/\/stg5214.diamondbellusa.com\/index.php?rest_route=%2Fwp%2Fv2%2Fmedia&parent=776"}],"curies":[{"name":"wp","href":"https:\/\/api.w.org\/{rel}","templated":true}]}}