{"id":767,"date":"2024-05-21T18:48:06","date_gmt":"2024-05-21T18:48:06","guid":{"rendered":"https:\/\/stg5214.diamondbellusa.com\/?page_id=767"},"modified":"2024-05-21T18:48:57","modified_gmt":"2024-05-21T18:48:57","slug":"radarcan","status":"publish","type":"page","link":"https:\/\/stg5214.diamondbellusa.com\/?page_id=767","title":{"rendered":"RADARCAN"},"content":{"rendered":"\t\t<div data-elementor-type=\"wp-page\" data-elementor-id=\"767\" class=\"elementor elementor-767\" data-elementor-post-type=\"page\">\n\t\t\t\t<div class=\"elementor-element elementor-element-6f5abe89 e-grid e-con-boxed e-con e-parent\" data-id=\"6f5abe89\" data-element_type=\"container\" data-settings=\"{&quot;jet_parallax_layout_list&quot;:[]}\">\n\t\t\t\t\t<div class=\"e-con-inner\">\n\t\t<div class=\"elementor-element elementor-element-db36fb0 e-flex e-con-boxed e-con e-child\" data-id=\"db36fb0\" data-element_type=\"container\" data-settings=\"{&quot;jet_parallax_layout_list&quot;:[]}\">\n\t\t\t\t\t<div class=\"e-con-inner\">\n\t\t\t\t<div class=\"elementor-element elementor-element-6945a72f elementor-widget elementor-widget-image\" data-id=\"6945a72f\" data-element_type=\"widget\" data-widget_type=\"image.default\">\n\t\t\t\t<div class=\"elementor-widget-container\">\n\t\t\t<style>\/*! elementor - v3.21.0 - 20-05-2024 *\/\n.elementor-widget-image{text-align:center}.elementor-widget-image a{display:inline-block}.elementor-widget-image a img[src$=\".svg\"]{width:48px}.elementor-widget-image img{vertical-align:middle;display:inline-block}<\/style>\t\t\t\t\t\t\t\t\t\t<img fetchpriority=\"high\" decoding=\"async\" width=\"750\" height=\"151\" src=\"https:\/\/stg5214.diamondbellusa.com\/wp-content\/uploads\/2023\/10\/radarcan-logo-e1697051107831.jpg\" class=\"attachment-large size-large wp-image-9\" alt=\"\" srcset=\"https:\/\/stg5214.diamondbellusa.com\/wp-content\/uploads\/2023\/10\/radarcan-logo-e1697051107831.jpg 750w, https:\/\/stg5214.diamondbellusa.com\/wp-content\/uploads\/2023\/10\/radarcan-logo-e1697051107831-300x60.jpg 300w\" sizes=\"(max-width: 750px) 100vw, 750px\" \/>\t\t\t\t\t\t\t\t\t\t\t\t\t<\/div>\n\t\t\t\t<\/div>\n\t\t\t\t<div class=\"elementor-element elementor-element-18e05fde elementor-widget elementor-widget-heading\" data-id=\"18e05fde\" data-element_type=\"widget\" data-widget_type=\"heading.default\">\n\t\t\t\t<div class=\"elementor-widget-container\">\n\t\t\t<style>\/*! elementor - v3.21.0 - 20-05-2024 *\/\n.elementor-heading-title{padding:0;margin:0;line-height:1}.elementor-widget-heading .elementor-heading-title[class*=elementor-size-]>a{color:inherit;font-size:inherit;line-height:inherit}.elementor-widget-heading .elementor-heading-title.elementor-size-small{font-size:15px}.elementor-widget-heading .elementor-heading-title.elementor-size-medium{font-size:19px}.elementor-widget-heading .elementor-heading-title.elementor-size-large{font-size:29px}.elementor-widget-heading .elementor-heading-title.elementor-size-xl{font-size:39px}.elementor-widget-heading .elementor-heading-title.elementor-size-xxl{font-size:59px}<\/style><h2 class=\"elementor-heading-title elementor-size-default\">Innovaci\u00f3n en el Control de Plagas<\/h2>\t\t<\/div>\n\t\t\t\t<\/div>\n\t\t\t\t<div class=\"elementor-element elementor-element-c8ecb7f elementor-widget elementor-widget-text-editor\" data-id=\"c8ecb7f\" data-element_type=\"widget\" data-widget_type=\"text-editor.default\">\n\t\t\t\t<div class=\"elementor-widget-container\">\n\t\t\t<style>\/*! elementor - v3.21.0 - 20-05-2024 *\/\n.elementor-widget-text-editor.elementor-drop-cap-view-stacked .elementor-drop-cap{background-color:#69727d;color:#fff}.elementor-widget-text-editor.elementor-drop-cap-view-framed .elementor-drop-cap{color:#69727d;border:3px solid;background-color:transparent}.elementor-widget-text-editor:not(.elementor-drop-cap-view-default) .elementor-drop-cap{margin-top:8px}.elementor-widget-text-editor:not(.elementor-drop-cap-view-default) .elementor-drop-cap-letter{width:1em;height:1em}.elementor-widget-text-editor .elementor-drop-cap{float:left;text-align:center;line-height:1;font-size:50px}.elementor-widget-text-editor .elementor-drop-cap-letter{display:inline-block}<\/style>\t\t\t\t<div class=\"page\" title=\"Page 4\"><div class=\"section\"><div class=\"layoutArea\"><div class=\"column\"><p>RADARCAN\u00ae es una empresa familiar con una trayectoria de 30 an\u0303os dedicada a la investigacio\u0301n, fabricacio\u0301n y comercializacio\u0301n de disposi- tivos para el control de plagas.Desde 1981,hemos sido pioneros en la fabricacio\u0301n de productos electro\u0301nicos para grandes firmas internaciona- les.A partir de 1989,desarrollamos nuestra propia li\u0301nea de productos con tecnologi\u0301a innovadora y sofisticada. Nuestros dispositivos electro\u0301nicos ofrecen una alternativa limpia e higie\u0301nica al uso de productos qui\u0301micos y pesticidas, protegiendo la salud de las personas y el medio ambiente.<\/p><\/div><\/div><\/div><\/div>\t\t\t\t\t\t<\/div>\n\t\t\t\t<\/div>\n\t\t\t\t\t<\/div>\n\t\t\t\t<\/div>\n\t\t<div class=\"elementor-element elementor-element-62e1ec30 e-flex e-con-boxed e-con e-child\" data-id=\"62e1ec30\" data-element_type=\"container\" data-settings=\"{&quot;jet_parallax_layout_list&quot;:[]}\">\n\t\t\t\t\t<div class=\"e-con-inner\">\n\t\t\t\t<div class=\"elementor-element elementor-element-ca11bc7 elementor-widget elementor-widget-image\" data-id=\"ca11bc7\" data-element_type=\"widget\" data-widget_type=\"image.default\">\n\t\t\t\t<div class=\"elementor-widget-container\">\n\t\t\t\t\t\t\t\t\t\t\t\t\t<img decoding=\"async\" width=\"598\" height=\"600\" src=\"https:\/\/stg5214.diamondbellusa.com\/wp-content\/uploads\/2024\/05\/RADARCAN_1.png\" class=\"attachment-large size-large wp-image-697\" alt=\"\" srcset=\"https:\/\/stg5214.diamondbellusa.com\/wp-content\/uploads\/2024\/05\/RADARCAN_1.png 598w, https:\/\/stg5214.diamondbellusa.com\/wp-content\/uploads\/2024\/05\/RADARCAN_1-300x300.png 300w, https:\/\/stg5214.diamondbellusa.com\/wp-content\/uploads\/2024\/05\/RADARCAN_1-150x150.png 150w\" sizes=\"(max-width: 598px) 100vw, 598px\" \/>\t\t\t\t\t\t\t\t\t\t\t\t\t<\/div>\n\t\t\t\t<\/div>\n\t\t\t\t\t<\/div>\n\t\t\t\t<\/div>\n\t\t\t\t\t<\/div>\n\t\t\t\t<\/div>\n\t\t<div class=\"elementor-element elementor-element-3a93dd29 e-grid e-con-boxed e-con e-parent\" data-id=\"3a93dd29\" data-element_type=\"container\" data-settings=\"{&quot;jet_parallax_layout_list&quot;:[]}\">\n\t\t\t\t\t<div class=\"e-con-inner\">\n\t\t<div class=\"elementor-element elementor-element-bef1ff2 e-flex e-con-boxed e-con e-child\" data-id=\"bef1ff2\" data-element_type=\"container\" data-settings=\"{&quot;jet_parallax_layout_list&quot;:[]}\">\n\t\t\t\t\t<div class=\"e-con-inner\">\n\t\t\t\t<div class=\"elementor-element elementor-element-12858e78 elementor-widget elementor-widget-image\" data-id=\"12858e78\" data-element_type=\"widget\" data-widget_type=\"image.default\">\n\t\t\t\t<div class=\"elementor-widget-container\">\n\t\t\t\t\t\t\t\t\t\t\t\t\t<img decoding=\"async\" width=\"800\" height=\"777\" src=\"https:\/\/stg5214.diamondbellusa.com\/wp-content\/uploads\/2024\/05\/radarcan_2-1024x995.png\" class=\"attachment-large size-large wp-image-717\" alt=\"\" srcset=\"https:\/\/stg5214.diamondbellusa.com\/wp-content\/uploads\/2024\/05\/radarcan_2-1024x995.png 1024w, https:\/\/stg5214.diamondbellusa.com\/wp-content\/uploads\/2024\/05\/radarcan_2-300x291.png 300w, https:\/\/stg5214.diamondbellusa.com\/wp-content\/uploads\/2024\/05\/radarcan_2-768x746.png 768w, https:\/\/stg5214.diamondbellusa.com\/wp-content\/uploads\/2024\/05\/radarcan_2.png 1048w\" sizes=\"(max-width: 800px) 100vw, 800px\" \/>\t\t\t\t\t\t\t\t\t\t\t\t\t<\/div>\n\t\t\t\t<\/div>\n\t\t\t\t\t<\/div>\n\t\t\t\t<\/div>\n\t\t<div class=\"elementor-element elementor-element-518b52f7 e-flex e-con-boxed e-con e-child\" data-id=\"518b52f7\" data-element_type=\"container\" data-settings=\"{&quot;jet_parallax_layout_list&quot;:[]}\">\n\t\t\t\t\t<div class=\"e-con-inner\">\n\t\t\t\t<div class=\"elementor-element elementor-element-5dfab06f elementor-widget elementor-widget-heading\" data-id=\"5dfab06f\" data-element_type=\"widget\" data-widget_type=\"heading.default\">\n\t\t\t\t<div class=\"elementor-widget-container\">\n\t\t\t<h2 class=\"elementor-heading-title elementor-size-default\">Protegiendo la Salud y el Bienestar<\/h2>\t\t<\/div>\n\t\t\t\t<\/div>\n\t\t\t\t<div class=\"elementor-element elementor-element-15ee861b elementor-widget elementor-widget-text-editor\" data-id=\"15ee861b\" data-element_type=\"widget\" data-widget_type=\"text-editor.default\">\n\t\t\t\t<div class=\"elementor-widget-container\">\n\t\t\t\t\t\t\t<div class=\"page\" title=\"Page 4\"><div class=\"section\"><div class=\"layoutArea\"><div class=\"column\"><div class=\"page\" title=\"Page 4\"><div class=\"section\"><div class=\"layoutArea\"><div class=\"column\"><p>Desde nuestros inicios, en RADARCAN\u00ae hemos priorizado el respeto al medio ambiente y la bu\u0301squeda de la ma\u0301xima calidad en cada uno de nuestros productos. Nuestros dispositivos esta\u0301n presentes y se comercializan en ma\u0301s de 30 pai\u0301ses de todo el mundo, incluyendo Estados Unidos y Japo\u0301n. Adema\u0301s de combatir plagas, tambie\u0301n ofrecemos soluciones en ionizacio\u0301n y purificacio\u0301n del aire, asi\u0301 como productos desarrollados en colaboracio\u0301n con veterinarios y entrenadores para facilitar el entrenamiento de mascotas y controlar sus conductas.<\/p><\/div><\/div><\/div><\/div><\/div><\/div><\/div><\/div>\t\t\t\t\t\t<\/div>\n\t\t\t\t<\/div>\n\t\t\t\t\t<\/div>\n\t\t\t\t<\/div>\n\t\t\t\t\t<\/div>\n\t\t\t\t<\/div>\n\t\t<div class=\"elementor-element elementor-element-45b7c614 e-grid e-con-full e-con e-parent\" data-id=\"45b7c614\" data-element_type=\"container\" data-settings=\"{&quot;jet_parallax_layout_list&quot;:[]}\">\n\t\t<div class=\"elementor-element elementor-element-32d8c4bb e-flex e-con-boxed e-con e-child\" data-id=\"32d8c4bb\" data-element_type=\"container\" data-settings=\"{&quot;background_background&quot;:&quot;classic&quot;,&quot;jet_parallax_layout_list&quot;:[]}\">\n\t\t\t\t\t<div class=\"e-con-inner\">\n\t\t\t\t<div class=\"elementor-element elementor-element-78996663 elementor-widget elementor-widget-heading\" data-id=\"78996663\" data-element_type=\"widget\" data-widget_type=\"heading.default\">\n\t\t\t\t<div class=\"elementor-widget-container\">\n\t\t\t<h2 class=\"elementor-heading-title elementor-size-default\">Gu\u00eda de Productos<\/h2>\t\t<\/div>\n\t\t\t\t<\/div>\n\t\t\t\t\t<\/div>\n\t\t\t\t<\/div>\n\t\t\t\t<\/div>\n\t\t<div class=\"elementor-element elementor-element-510772c3 e-grid e-con-boxed e-con e-parent\" data-id=\"510772c3\" data-element_type=\"container\" data-settings=\"{&quot;jet_parallax_layout_list&quot;:[]}\">\n\t\t\t\t\t<div class=\"e-con-inner\">\n\t\t\t\t<div class=\"elementor-element elementor-element-4f5c54b2 elementor-position-left elementor-vertical-align-top elementor-widget elementor-widget-image-box\" data-id=\"4f5c54b2\" data-element_type=\"widget\" data-widget_type=\"image-box.default\">\n\t\t\t\t<div class=\"elementor-widget-container\">\n\t\t\t<style>\/*! elementor - v3.21.0 - 20-05-2024 *\/\n.elementor-widget-image-box .elementor-image-box-content{width:100%}@media (min-width:768px){.elementor-widget-image-box.elementor-position-left .elementor-image-box-wrapper,.elementor-widget-image-box.elementor-position-right .elementor-image-box-wrapper{display:flex}.elementor-widget-image-box.elementor-position-right .elementor-image-box-wrapper{text-align:end;flex-direction:row-reverse}.elementor-widget-image-box.elementor-position-left .elementor-image-box-wrapper{text-align:start;flex-direction:row}.elementor-widget-image-box.elementor-position-top .elementor-image-box-img{margin:auto}.elementor-widget-image-box.elementor-vertical-align-top .elementor-image-box-wrapper{align-items:flex-start}.elementor-widget-image-box.elementor-vertical-align-middle .elementor-image-box-wrapper{align-items:center}.elementor-widget-image-box.elementor-vertical-align-bottom .elementor-image-box-wrapper{align-items:flex-end}}@media (max-width:767px){.elementor-widget-image-box .elementor-image-box-img{margin-left:auto!important;margin-right:auto!important;margin-bottom:15px}}.elementor-widget-image-box .elementor-image-box-img{display:inline-block}.elementor-widget-image-box .elementor-image-box-title a{color:inherit}.elementor-widget-image-box .elementor-image-box-wrapper{text-align:center}.elementor-widget-image-box .elementor-image-box-description{margin:0}<\/style><div class=\"elementor-image-box-wrapper\"><figure class=\"elementor-image-box-img\"><img decoding=\"async\" src=\"https:\/\/stg5214.diamondbellusa.com\/wp-content\/plugins\/elementor\/assets\/images\/placeholder.png\" title=\"\" alt=\"\" loading=\"lazy\" \/><\/figure><div class=\"elementor-image-box-content\"><h3 class=\"elementor-image-box-title\">MOSQUITOS<\/h3><p class=\"elementor-image-box-description\">Protecci\u00f3n familiar en interiores y exteriores contra una variedad de mosquitos, incluidos los vectores de enfermedades como la malaria, el dengue, el Zika y m\u00e1s.\n<\/p><\/div><\/div>\t\t<\/div>\n\t\t\t\t<\/div>\n\t\t\t\t<div class=\"elementor-element elementor-element-6d022ed5 elementor-position-left elementor-vertical-align-top elementor-widget elementor-widget-image-box\" data-id=\"6d022ed5\" data-element_type=\"widget\" data-widget_type=\"image-box.default\">\n\t\t\t\t<div class=\"elementor-widget-container\">\n\t\t\t<div class=\"elementor-image-box-wrapper\"><figure class=\"elementor-image-box-img\"><img decoding=\"async\" src=\"https:\/\/stg5214.diamondbellusa.com\/wp-content\/plugins\/elementor\/assets\/images\/placeholder.png\" title=\"\" alt=\"\" loading=\"lazy\" \/><\/figure><div class=\"elementor-image-box-content\"><h3 class=\"elementor-image-box-title\">HORMIGAS<\/h3><p class=\"elementor-image-box-description\">La tecnolog\u00eda MAGNETICAE bloquea los receptores de las hormigas, desorient\u00e1ndolas y dificultando su capacidad para organizar- se, trabajar y alimentarse, lo que las lleva a abandonar su hormiguero.<\/p><\/div><\/div>\t\t<\/div>\n\t\t\t\t<\/div>\n\t\t\t\t<div class=\"elementor-element elementor-element-43236379 elementor-position-left elementor-vertical-align-top elementor-widget elementor-widget-image-box\" data-id=\"43236379\" data-element_type=\"widget\" data-widget_type=\"image-box.default\">\n\t\t\t\t<div class=\"elementor-widget-container\">\n\t\t\t<div class=\"elementor-image-box-wrapper\"><figure class=\"elementor-image-box-img\"><img decoding=\"async\" src=\"https:\/\/stg5214.diamondbellusa.com\/wp-content\/plugins\/elementor\/assets\/images\/placeholder.png\" title=\"\" alt=\"\" loading=\"lazy\" \/><\/figure><div class=\"elementor-image-box-content\"><h3 class=\"elementor-image-box-title\">RATAS \/ RATONES<\/h3><p class=\"elementor-image-box-description\">Con la tecnolog\u00eda INSonuerit 3.0, estos dispositivos te protegen de los roedores sin necesidad de productos qu\u00edmicos, siendo ideales para \u00e1reas sensibles como cocinas y despensas.\n<\/p><\/div><\/div>\t\t<\/div>\n\t\t\t\t<\/div>\n\t\t\t\t<div class=\"elementor-element elementor-element-58de6636 elementor-position-left elementor-vertical-align-top elementor-widget elementor-widget-image-box\" data-id=\"58de6636\" data-element_type=\"widget\" data-widget_type=\"image-box.default\">\n\t\t\t\t<div class=\"elementor-widget-container\">\n\t\t\t<div class=\"elementor-image-box-wrapper\"><figure class=\"elementor-image-box-img\"><img decoding=\"async\" src=\"https:\/\/stg5214.diamondbellusa.com\/wp-content\/plugins\/elementor\/assets\/images\/placeholder.png\" title=\"\" alt=\"\" loading=\"lazy\" \/><\/figure><div class=\"elementor-image-box-content\"><h3 class=\"elementor-image-box-title\">CUCARACHAS<\/h3><p class=\"elementor-image-box-description\">Ahuyenta y mantiene a estos insectos lejos de tu hogar. Nuestros dispositivos son ideales para \u00e1reas sensibles como cocinas o despensas,ya que no requieren productos qu\u00edmicos.\n<\/p><\/div><\/div>\t\t<\/div>\n\t\t\t\t<\/div>\n\t\t\t\t<div class=\"elementor-element elementor-element-401a685d elementor-position-left elementor-vertical-align-top elementor-widget elementor-widget-image-box\" data-id=\"401a685d\" data-element_type=\"widget\" data-widget_type=\"image-box.default\">\n\t\t\t\t<div class=\"elementor-widget-container\">\n\t\t\t<div class=\"elementor-image-box-wrapper\"><figure class=\"elementor-image-box-img\"><img decoding=\"async\" src=\"https:\/\/stg5214.diamondbellusa.com\/wp-content\/plugins\/elementor\/assets\/images\/placeholder.png\" title=\"\" alt=\"\" loading=\"lazy\" \/><\/figure><div class=\"elementor-image-box-content\"><h3 class=\"elementor-image-box-title\">MURCI\u00c9LAGOS<\/h3><p class=\"elementor-image-box-description\">Protege grandes espacios como almacenes y cocinas profesionales de ratas, ratones, cuca- rachas y murci\u00e9lagos con este potente dispo- sitivo, sin necesidad de productos qu\u00edmicos.<\/p><\/div><\/div>\t\t<\/div>\n\t\t\t\t<\/div>\n\t\t\t\t<div class=\"elementor-element elementor-element-32a3f278 elementor-position-left elementor-vertical-align-top elementor-widget elementor-widget-image-box\" data-id=\"32a3f278\" data-element_type=\"widget\" data-widget_type=\"image-box.default\">\n\t\t\t\t<div class=\"elementor-widget-container\">\n\t\t\t<div class=\"elementor-image-box-wrapper\"><figure class=\"elementor-image-box-img\"><img decoding=\"async\" src=\"https:\/\/stg5214.diamondbellusa.com\/wp-content\/plugins\/elementor\/assets\/images\/placeholder.png\" title=\"\" alt=\"\" loading=\"lazy\" \/><\/figure><div class=\"elementor-image-box-content\"><h3 class=\"elementor-image-box-title\">MULTIPLAGAS<\/h3><p class=\"elementor-image-box-description\">Ofrece protecci\u00f3n total contra insectos y roedores en tu hogar, todo en un solo dispo- sitivo. Con una combinaci\u00f3n de tecnolog\u00edas, combate mosquitos, ratones, cucarachas y hormigas de manera efectiva.\n<\/p><\/div><\/div>\t\t<\/div>\n\t\t\t\t<\/div>\n\t\t\t\t<div class=\"elementor-element elementor-element-5e4af51 elementor-position-left elementor-vertical-align-top elementor-widget elementor-widget-image-box\" data-id=\"5e4af51\" data-element_type=\"widget\" data-widget_type=\"image-box.default\">\n\t\t\t\t<div class=\"elementor-widget-container\">\n\t\t\t<div class=\"elementor-image-box-wrapper\"><figure class=\"elementor-image-box-img\"><img decoding=\"async\" src=\"https:\/\/stg5214.diamondbellusa.com\/wp-content\/plugins\/elementor\/assets\/images\/placeholder.png\" title=\"\" alt=\"\" loading=\"lazy\" \/><\/figure><div class=\"elementor-image-box-content\"><h3 class=\"elementor-image-box-title\">\u00c1CAROS \/ PURIFICADORES DE AIRE<\/h3><p class=\"elementor-image-box-description\">Una soluci\u00f3n ideal para personas con alergias\no problemas respiratorios, eliminando el aire viciado en hogares y coches causado por humo, polvo, aire mal acondicionado, olores, etc., que pueden provocar asma, fatiga y cefaleas.\n\n<\/p><\/div><\/div>\t\t<\/div>\n\t\t\t\t<\/div>\n\t\t\t\t\t<\/div>\n\t\t\t\t<\/div>\n\t\t<div class=\"elementor-element elementor-element-35e58020 e-flex e-con-boxed e-con e-parent\" data-id=\"35e58020\" data-element_type=\"container\" data-settings=\"{&quot;jet_parallax_layout_list&quot;:[]}\">\n\t\t\t\t\t<div class=\"e-con-inner\">\n\t\t\t\t<div class=\"elementor-element elementor-element-49909224 elementor-align-center elementor-widget elementor-widget-button\" data-id=\"49909224\" data-element_type=\"widget\" data-widget_type=\"button.default\">\n\t\t\t\t<div class=\"elementor-widget-container\">\n\t\t\t\t\t<div class=\"elementor-button-wrapper\">\n\t\t\t<a class=\"elementor-button elementor-button-link elementor-size-sm\" href=\"#\">\n\t\t\t\t\t\t<span class=\"elementor-button-content-wrapper\">\n\t\t\t\t\t\t\t\t\t<span class=\"elementor-button-text\">visitar su web<\/span>\n\t\t\t\t\t<\/span>\n\t\t\t\t\t<\/a>\n\t\t<\/div>\n\t\t\t\t<\/div>\n\t\t\t\t<\/div>\n\t\t\t\t\t<\/div>\n\t\t\t\t<\/div>\n\t\t\t\t<\/div>\n\t\t","protected":false},"excerpt":{"rendered":"<p>Innovaci\u00f3n en el Control de Plagas RADARCAN\u00ae es una empresa familiar con una trayectoria de 30 an\u0303os dedicada a la investigacio\u0301n, fabricacio\u0301n y comercializacio\u0301n de disposi- tivos para el control de plagas.Desde 1981,hemos sido pioneros en la fabricacio\u0301n de productos electro\u0301nicos para grandes firmas internaciona- les.A partir de 1989,desarrollamos nuestra propia li\u0301nea de productos con [&hellip;]<\/p>\n","protected":false},"author":1,"featured_media":0,"parent":244,"menu_order":0,"comment_status":"closed","ping_status":"closed","template":"","meta":{"footnotes":""},"class_list":["post-767","page","type-page","status-publish","hentry"],"_links":{"self":[{"href":"https:\/\/stg5214.diamondbellusa.com\/index.php?rest_route=\/wp\/v2\/pages\/767","targetHints":{"allow":["GET"]}}],"collection":[{"href":"https:\/\/stg5214.diamondbellusa.com\/index.php?rest_route=\/wp\/v2\/pages"}],"about":[{"href":"https:\/\/stg5214.diamondbellusa.com\/index.php?rest_route=\/wp\/v2\/types\/page"}],"author":[{"embeddable":true,"href":"https:\/\/stg5214.diamondbellusa.com\/index.php?rest_route=\/wp\/v2\/users\/1"}],"replies":[{"embeddable":true,"href":"https:\/\/stg5214.diamondbellusa.com\/index.php?rest_route=%2Fwp%2Fv2%2Fcomments&post=767"}],"version-history":[{"count":7,"href":"https:\/\/stg5214.diamondbellusa.com\/index.php?rest_route=\/wp\/v2\/pages\/767\/revisions"}],"predecessor-version":[{"id":775,"href":"https:\/\/stg5214.diamondbellusa.com\/index.php?rest_route=\/wp\/v2\/pages\/767\/revisions\/775"}],"up":[{"embeddable":true,"href":"https:\/\/stg5214.diamondbellusa.com\/index.php?rest_route=\/wp\/v2\/pages\/244"}],"wp:attachment":[{"href":"https:\/\/stg5214.diamondbellusa.com\/index.php?rest_route=%2Fwp%2Fv2%2Fmedia&parent=767"}],"curies":[{"name":"wp","href":"https:\/\/api.w.org\/{rel}","templated":true}]}}